{"id":748,"date":"2016-03-10T18:52:12","date_gmt":"2016-03-10T18:52:12","guid":{"rendered":"https:\/\/default.houzez.co\/?page_id=748"},"modified":"2022-10-06T12:28:24","modified_gmt":"2022-10-06T10:28:24","slug":"mentions-legales","status":"publish","type":"page","link":"https:\/\/horus.immo\/lu\/mentions-legales\/","title":{"rendered":"Juristesch Notifikatioun"},"content":{"rendered":"<div data-elementor-type=\"wp-page\" data-elementor-id=\"748\" class=\"elementor elementor-748\" data-elementor-post-type=\"page\">\n\t\t\t\t\t\t<section class=\"elementor-section elementor-top-section elementor-element elementor-element-3ae4b02c elementor-section-boxed elementor-section-height-default elementor-section-height-default\" data-id=\"3ae4b02c\" data-element_type=\"section\" data-e-type=\"section\">\n\t\t\t\t\t\t<div class=\"elementor-container elementor-column-gap-default\">\n\t\t\t\t\t<div class=\"elementor-column elementor-col-100 elementor-top-column elementor-element elementor-element-4af10f3d\" data-id=\"4af10f3d\" data-element_type=\"column\" data-e-type=\"column\">\n\t\t\t<div class=\"elementor-widget-wrap elementor-element-populated\">\n\t\t\t\t\t\t<div class=\"elementor-element elementor-element-2e494c52 elementor-widget elementor-widget-text-editor\" data-id=\"2e494c52\" data-element_type=\"widget\" data-e-type=\"widget\" data-widget_type=\"text-editor.default\">\n\t\t\t\t<div class=\"elementor-widget-container\">\n\t\t\t\t\t\t\t\t\t<div class=\"row mb-4\"><div class=\"col-12\"><strong>Responsable du site Internet :<\/strong><\/div><div class=\"col-12\">Le site Internet <span style=\"text-decoration: underline;\"><strong>horus.immo<\/strong><\/span>\u00a0est sous la responsabilit\u00e9 de la soci\u00e9t\u00e9 :<\/div><div class=\"col-12\">HORUS Immobilier<\/div><div class=\"col-12\"><p>HORVS SARL<br \/>13A, Avenue Guillaume<br \/>L-1651 Luxembourg<\/p><p>Autorisatioun N\u00b0 10115474\/0<br \/>RCS Nummer : B243120<br \/>TVA : LU32186945<\/p><p>Le site Internet horus.immo\u00a0est ci-apr\u00e8s d\u00e9nomm\u00e9 le \u201cSite Internet\u201d\u00a0<br \/>La soci\u00e9t\u00e9 HORUS Immobilier\u00a0 est ci-apr\u00e8s d\u00e9nomm\u00e9e la \u201cSoci\u00e9t\u00e9\u201d<\/p><p><strong>H\u00e9bergement :<\/strong><br \/>Le Site Internet est h\u00e9berg\u00e9 par la soci\u00e9t\u00e9 :<\/p><div class=\"elementor-element elementor-element-4a63788 elementor-widget elementor-widget-heading\" data-id=\"4a63788\" data-element_type=\"widget\" data-settings=\"{&quot;_animation&quot;:&quot;none&quot;}\" data-widget_type=\"heading.default\"><div class=\"elementor-widget-container\"><p class=\"elementor-heading-title elementor-size-default\">O2SWITCH, Chemin des Pardiaux 63000 Clermont-Ferrand, France<\/p><\/div><\/div><\/div><\/div><div class=\"row mb-4\"><div class=\"col-12\"><div><strong>Conditions g\u00e9n\u00e9rales d&#8217;utilisation du site :<\/strong><\/div><div>En consultant le Site Internet, l&#8217;utilisateur du Site Internet accepte l&#8217;ensemble des articles et mentions d\u00e9crits ci-dessous. Etant donn\u00e9 que ces articles et mentions sont susceptibles d&#8217;\u00eatre modifi\u00e9s, l&#8217;utilisateur du Site Internet est invit\u00e9 \u00e0 les consulter r\u00e9guli\u00e8rement.<\/div><div>\u00a0<\/div><div><strong>Utilisation du Site Internet :<\/strong><\/div><div>Le Site Internet a pour but de pr\u00e9senter la Soci\u00e9t\u00e9, ses services et ses produits, mais \u00e9galement de pr\u00e9senter les objets immobiliers \u00e0 vendre et \u00e0 louer. Toutes les informations, textes et donn\u00e9es chiffr\u00e9es sont publi\u00e9es \u00e0 titre indicatif.<\/div><div>\u00a0<\/div><div><strong>Annonces immobili\u00e8res :<\/strong><\/div><div>Concernant les annonces immobili\u00e8res publi\u00e9es sur le site, les textes, descriptifs et photos sont la propri\u00e9t\u00e9 de la Soci\u00e9t\u00e9. L&#8217;utilisateur du site n&#8217;est pas autoris\u00e9 \u00e0 exploiter pour son compte les textes et photos des annonces immobili\u00e8res. Les photos des annonces immobili\u00e8res sont une oeuvre prot\u00e9g\u00e9e par les droits d&#8217;auteurs et sont la propri\u00e9t\u00e9 de la Soci\u00e9t\u00e9.<\/div><div>\u00a0<\/div><div>Le prix de vente \/ loyer d&#8217;une annonce immobili\u00e8re en vente \/ location pouvant varier en fonction de plusieurs facteurs, le prix de vente \/ loyer affich\u00e9 \u00e0 un instant n&#8217;est pas garanti, il peut changer. L&#8217;utilisateur du site est donc invit\u00e9 \u00e0 consulter r\u00e9guli\u00e8rement la fiche de l&#8217;annonce immobili\u00e8re pour conna\u00eetre son loyer mis \u00e0 jour.\u00a0<\/div><div>\u00a0<\/div><div>La liste des annonces immobili\u00e8res n&#8217;est pas exhaustive. La Soci\u00e9t\u00e9 se r\u00e9serve le droit de ne pas publier la totalit\u00e9 de son portefeuille immobilier. De m\u00eame, certaines annonces immobili\u00e8res peuvent ne plus \u00eatre disponible au moment o\u00f9 l&#8217;utilisateur du site les consulte, cela pour d&#8217;\u00e9videntes raisons de d\u00e9lai de mise \u00e0 jour. La Soci\u00e9t\u00e9 ne garantit donc pas la disponibilit\u00e9 des annonces pr\u00e9sent\u00e9es sur le Site Internet.<\/div><div>\u00a0<\/div><div>L&#8217;utilisateur du Site Internet n\u2019est pas autoris\u00e9 \u00e0 recopier les annonces immobili\u00e8res pour les publier sur un autre support, qu&#8217;il soit papier ou \u00e9lectronique, ni sur un autre site Internet.<\/div><div>\u00a0<\/div><div><strong>Droit d&#8217;auteur et propri\u00e9t\u00e9 intellectuelle<\/strong><\/div><div>La pr\u00e9sentation et le contenu du Site Internet, incluant, sans que ce soit limitatif, le nom et les logos de la Soci\u00e9t\u00e9, les textes, les images, les photos et\/ou vid\u00e9os, les d\u00e9nominations commerciales, les bases de donn\u00e9es, les produits et les slogans, constituent ensemble ou s\u00e9par\u00e9ment une oeuvre prot\u00e9g\u00e9e par les droits d&#8217;auteur et appartiennent \u00e0 la Soci\u00e9t\u00e9.<\/div><div>\u00a0<\/div><div><strong>Limitation de responsabilit\u00e9<\/strong><\/div><div>La Soci\u00e9t\u00e9 met tout en oeuvre pour que les informations affich\u00e9es sur le Site Internet soient exactes, cependant il se peut que des erreurs de contenu ou d&#8217;affichages soient pr\u00e9sentes sur le Site Internet. Dans ce cadre, la Soci\u00e9t\u00e9 exclut toute garantie de l&#8217;exactitude et l&#8217;exhaustivit\u00e9 des informations affich\u00e9es sur le Site Internet.<\/div><div>\u00a0<\/div><div>En cas de lien affich\u00e9 par le Site Internet vers un autre site Internet, quel qu&#8217;il soit, la Soci\u00e9t\u00e9 rejette toute responsabilit\u00e9 quant au contenu de ce site Internet tiers, qui est sous la responsabilit\u00e9 du responsable du site Internet tiers.<\/div><div>\u00a0<\/div><div><strong>Cadre l\u00e9gal<\/strong><\/div><div>Le Site Internet est soumis \u00e0 la l\u00e9gislation Luxembourgeoise en vigueur et rel\u00e8ve de la comp\u00e9tence exclusive des tribunaux Luxembourgeois.<\/div><\/div><\/div>\t\t\t\t\t\t\t\t<\/div>\n\t\t\t\t<\/div>\n\t\t\t\t\t<\/div>\n\t\t<\/div>\n\t\t\t\t\t<\/div>\n\t\t<\/section>\n\t\t\t\t<\/div>","protected":false},"excerpt":{"rendered":"<p>Responsable du site Internet :Le site Internet horus.immo\u00a0est sous la responsabilit\u00e9 de la soci\u00e9t\u00e9 :HORUS Immobilier HORVS SARL13A, Avenue GuillaumeL-1651 Luxembourg Autorisation N\u00b0 10115474\/0Num\u00e9ro RCS : B243120TVA : LU32186945 Le site Internet horus.immo\u00a0est ci-apr\u00e8s d\u00e9nomm\u00e9 le \u201cSite Internet\u201d\u00a0La soci\u00e9t\u00e9 HORUS Immobilier\u00a0 est ci-apr\u00e8s d\u00e9nomm\u00e9e la \u201cSoci\u00e9t\u00e9\u201d H\u00e9bergement :Le Site Internet est h\u00e9berg\u00e9 par la soci\u00e9t\u00e9 [&hellip;]<\/p>\n","protected":false},"author":3,"featured_media":0,"parent":0,"menu_order":0,"comment_status":"closed","ping_status":"closed","template":"template\/template-page.php","meta":{"footnotes":""},"class_list":["post-748","page","type-page","status-publish","hentry"],"yoast_head":"<!-- This site is optimized with the Yoast SEO plugin v27.1.1 - https:\/\/yoast.com\/product\/yoast-seo-wordpress\/ -->\n<title>Mentions l\u00e9gales | HORUS Immobilier | L&#039;agence des vid\u00e9os de pr\u00e9sentation \ud83c\udfa5\ud83c\udfac<\/title>\n<meta name=\"description\" content=\"Responsable du site Internet :Le site Internet horus.immo\u00a0est sous la responsabilit\u00e9 de la soci\u00e9t\u00e9 :HORUS ImmobilierHORVS SARL13A, Avenue GuillaumeL-1651\" \/>\n<meta name=\"robots\" content=\"index, follow, max-snippet:-1, max-image-preview:large, max-video-preview:-1\" \/>\n<link rel=\"canonical\" href=\"https:\/\/horus.immo\/lu\/mentions-legales\/\" \/>\n<meta property=\"og:locale\" content=\"en_US\" \/>\n<meta property=\"og:type\" content=\"article\" \/>\n<meta property=\"og:title\" content=\"Mentions l\u00e9gales | HORUS Immobilier | L&#039;agence des vid\u00e9os de pr\u00e9sentation \ud83c\udfa5\ud83c\udfac\" \/>\n<meta property=\"og:description\" content=\"Responsable du site Internet :Le site Internet horus.immo\u00a0est sous la responsabilit\u00e9 de la soci\u00e9t\u00e9 :HORUS ImmobilierHORVS SARL13A, Avenue GuillaumeL-1651\" \/>\n<meta property=\"og:url\" content=\"https:\/\/horus.immo\/lu\/mentions-legales\/\" \/>\n<meta property=\"og:site_name\" content=\"HORUS Immobilier | L&#039;agence des vid\u00e9os de pr\u00e9sentation \ud83c\udfa5\ud83c\udfac\" \/>\n<meta property=\"article:publisher\" content=\"https:\/\/www.facebook.com\/immohorus\" \/>\n<meta property=\"article:modified_time\" content=\"2022-10-06T10:28:24+00:00\" \/>\n<meta name=\"twitter:card\" content=\"summary_large_image\" \/>\n<meta name=\"twitter:site\" content=\"@HorusImmobilier\" \/>\n<meta name=\"twitter:label1\" content=\"Est. reading time\" \/>\n\t<meta name=\"twitter:data1\" content=\"3 minutes\" \/>\n<script type=\"application\/ld+json\" class=\"yoast-schema-graph\">{\"@context\":\"https:\/\/schema.org\",\"@graph\":[{\"@type\":\"WebPage\",\"@id\":\"https:\/\/horus.immo\/mentions-legales\/\",\"url\":\"https:\/\/horus.immo\/mentions-legales\/\",\"name\":\"Mentions l\u00e9gales | HORUS Immobilier | L&#039;agence des vid\u00e9os de pr\u00e9sentation \ud83c\udfa5\ud83c\udfac\",\"isPartOf\":{\"@id\":\"https:\/\/horus.immo\/#website\"},\"datePublished\":\"2016-03-10T18:52:12+00:00\",\"dateModified\":\"2022-10-06T10:28:24+00:00\",\"description\":\"Responsable du site Internet :Le site Internet horus.immo\u00a0est sous la responsabilit\u00e9 de la soci\u00e9t\u00e9 :HORUS ImmobilierHORVS SARL13A, Avenue GuillaumeL-1651\",\"breadcrumb\":{\"@id\":\"https:\/\/horus.immo\/mentions-legales\/#breadcrumb\"},\"inLanguage\":\"lu-LU\",\"potentialAction\":[{\"@type\":\"ReadAction\",\"target\":[\"https:\/\/horus.immo\/mentions-legales\/\"]}]},{\"@type\":\"BreadcrumbList\",\"@id\":\"https:\/\/horus.immo\/mentions-legales\/#breadcrumb\",\"itemListElement\":[{\"@type\":\"ListItem\",\"position\":1,\"name\":\"Accueil\",\"item\":\"https:\/\/horus.immo\/\"},{\"@type\":\"ListItem\",\"position\":2,\"name\":\"Mentions l\u00e9gales\"}]},{\"@type\":\"WebSite\",\"@id\":\"https:\/\/horus.immo\/#website\",\"url\":\"https:\/\/horus.immo\/\",\"name\":\"HORUS Immobilier | L&#039;agence des vid\u00e9os de pr\u00e9sentation \ud83c\udfa5\ud83c\udfac\",\"description\":\"Sp\u00e9cialis\u00e9e dans la vente de maisons \ud83c\udfe0 et appartements \ud83c\udfe2\",\"publisher\":{\"@id\":\"https:\/\/horus.immo\/#organization\"},\"potentialAction\":[{\"@type\":\"SearchAction\",\"target\":{\"@type\":\"EntryPoint\",\"urlTemplate\":\"https:\/\/horus.immo\/?s={search_term_string}\"},\"query-input\":{\"@type\":\"PropertyValueSpecification\",\"valueRequired\":true,\"valueName\":\"search_term_string\"}}],\"inLanguage\":\"lu-LU\"},{\"@type\":\"Organization\",\"@id\":\"https:\/\/horus.immo\/#organization\",\"name\":\"HORUS Immobilier\",\"url\":\"https:\/\/horus.immo\/\",\"logo\":{\"@type\":\"ImageObject\",\"inLanguage\":\"lu-LU\",\"@id\":\"https:\/\/horus.immo\/#\/schema\/logo\/image\/\",\"url\":\"https:\/\/horus.immo\/wp-content\/uploads\/2022\/06\/HORUS-IMMOBILIERE-LOGO-200x200px.jpg\",\"contentUrl\":\"https:\/\/horus.immo\/wp-content\/uploads\/2022\/06\/HORUS-IMMOBILIERE-LOGO-200x200px.jpg\",\"width\":200,\"height\":200,\"caption\":\"HORUS Immobilier\"},\"image\":{\"@id\":\"https:\/\/horus.immo\/#\/schema\/logo\/image\/\"},\"sameAs\":[\"https:\/\/www.facebook.com\/immohorus\",\"https:\/\/x.com\/HorusImmobilier\",\"https:\/\/www.instagram.com\/horusimmobilier\/\",\"https:\/\/www.linkedin.com\/company\/horus-immobilier-luxembourg\/\",\"https:\/\/www.youtube.com\/channel\/UCj9DxyuvBSmyxBS8ISZ0mWQ\",\"https:\/\/www.tiktok.com\/@horus_immobilier\"]}]}<\/script>\n<!-- \/ Yoast SEO plugin. -->","yoast_head_json":{"title":"Mentions l\u00e9gales | HORUS Immobilier | L&#039;agence des vid\u00e9os de pr\u00e9sentation \ud83c\udfa5\ud83c\udfac","description":"Responsable du site Internet :Le site Internet horus.immo\u00a0est sous la responsabilit\u00e9 de la soci\u00e9t\u00e9 :HORUS ImmobilierHORVS SARL13A, Avenue GuillaumeL-1651","robots":{"index":"index","follow":"follow","max-snippet":"max-snippet:-1","max-image-preview":"max-image-preview:large","max-video-preview":"max-video-preview:-1"},"canonical":"https:\/\/horus.immo\/lu\/mentions-legales\/","og_locale":"en_US","og_type":"article","og_title":"Mentions l\u00e9gales | HORUS Immobilier | L&#039;agence des vid\u00e9os de pr\u00e9sentation \ud83c\udfa5\ud83c\udfac","og_description":"Responsable du site Internet :Le site Internet horus.immo\u00a0est sous la responsabilit\u00e9 de la soci\u00e9t\u00e9 :HORUS ImmobilierHORVS SARL13A, Avenue GuillaumeL-1651","og_url":"https:\/\/horus.immo\/lu\/mentions-legales\/","og_site_name":"HORUS Immobilier | L&#039;agence des vid\u00e9os de pr\u00e9sentation \ud83c\udfa5\ud83c\udfac","article_publisher":"https:\/\/www.facebook.com\/immohorus","article_modified_time":"2022-10-06T10:28:24+00:00","twitter_card":"summary_large_image","twitter_site":"@HorusImmobilier","twitter_misc":{"Est. reading time":"3 minutes"},"schema":{"@context":"https:\/\/schema.org","@graph":[{"@type":"WebPage","@id":"https:\/\/horus.immo\/mentions-legales\/","url":"https:\/\/horus.immo\/mentions-legales\/","name":"Mentions l\u00e9gales | HORUS Immobilier | L&#039;agence des vid\u00e9os de pr\u00e9sentation \ud83c\udfa5\ud83c\udfac","isPartOf":{"@id":"https:\/\/horus.immo\/#website"},"datePublished":"2016-03-10T18:52:12+00:00","dateModified":"2022-10-06T10:28:24+00:00","description":"Responsable du site Internet :Le site Internet horus.immo\u00a0est sous la responsabilit\u00e9 de la soci\u00e9t\u00e9 :HORUS ImmobilierHORVS SARL13A, Avenue GuillaumeL-1651","breadcrumb":{"@id":"https:\/\/horus.immo\/mentions-legales\/#breadcrumb"},"inLanguage":"lu-LU","potentialAction":[{"@type":"ReadAction","target":["https:\/\/horus.immo\/mentions-legales\/"]}]},{"@type":"BreadcrumbList","@id":"https:\/\/horus.immo\/mentions-legales\/#breadcrumb","itemListElement":[{"@type":"ListItem","position":1,"name":"Accueil","item":"https:\/\/horus.immo\/"},{"@type":"ListItem","position":2,"name":"Mentions l\u00e9gales"}]},{"@type":"WebSite","@id":"https:\/\/horus.immo\/#website","url":"https:\/\/horus.immo\/","name":"HORUS Immobilier | L&#039;agence des vid\u00e9os de pr\u00e9sentation \ud83c\udfa5\ud83c\udfac","description":"Sp\u00e9cialis\u00e9e dans la vente de maisons \ud83c\udfe0 et appartements \ud83c\udfe2","publisher":{"@id":"https:\/\/horus.immo\/#organization"},"potentialAction":[{"@type":"SearchAction","target":{"@type":"EntryPoint","urlTemplate":"https:\/\/horus.immo\/?s={search_term_string}"},"query-input":{"@type":"PropertyValueSpecification","valueRequired":true,"valueName":"search_term_string"}}],"inLanguage":"lu-LU"},{"@type":"Organization","@id":"https:\/\/horus.immo\/#organization","name":"HORUS Immobilier","url":"https:\/\/horus.immo\/","logo":{"@type":"ImageObject","inLanguage":"lu-LU","@id":"https:\/\/horus.immo\/#\/schema\/logo\/image\/","url":"https:\/\/horus.immo\/wp-content\/uploads\/2022\/06\/HORUS-IMMOBILIERE-LOGO-200x200px.jpg","contentUrl":"https:\/\/horus.immo\/wp-content\/uploads\/2022\/06\/HORUS-IMMOBILIERE-LOGO-200x200px.jpg","width":200,"height":200,"caption":"HORUS Immobilier"},"image":{"@id":"https:\/\/horus.immo\/#\/schema\/logo\/image\/"},"sameAs":["https:\/\/www.facebook.com\/immohorus","https:\/\/x.com\/HorusImmobilier","https:\/\/www.instagram.com\/horusimmobilier\/","https:\/\/www.linkedin.com\/company\/horus-immobilier-luxembourg\/","https:\/\/www.youtube.com\/channel\/UCj9DxyuvBSmyxBS8ISZ0mWQ","https:\/\/www.tiktok.com\/@horus_immobilier"]}]}},"_links":{"self":[{"href":"https:\/\/horus.immo\/lu\/wp-json\/wp\/v2\/pages\/748","targetHints":{"allow":["GET"]}}],"collection":[{"href":"https:\/\/horus.immo\/lu\/wp-json\/wp\/v2\/pages"}],"about":[{"href":"https:\/\/horus.immo\/lu\/wp-json\/wp\/v2\/types\/page"}],"author":[{"embeddable":true,"href":"https:\/\/horus.immo\/lu\/wp-json\/wp\/v2\/users\/3"}],"replies":[{"embeddable":true,"href":"https:\/\/horus.immo\/lu\/wp-json\/wp\/v2\/comments?post=748"}],"version-history":[{"count":37,"href":"https:\/\/horus.immo\/lu\/wp-json\/wp\/v2\/pages\/748\/revisions"}],"predecessor-version":[{"id":21075,"href":"https:\/\/horus.immo\/lu\/wp-json\/wp\/v2\/pages\/748\/revisions\/21075"}],"wp:attachment":[{"href":"https:\/\/horus.immo\/lu\/wp-json\/wp\/v2\/media?parent=748"}],"curies":[{"name":"wp","href":"https:\/\/api.w.org\/{rel}","templated":true}]}}